{"id":66,"date":"2020-08-18T19:38:46","date_gmt":"2020-08-18T19:38:46","guid":{"rendered":"https:\/\/staging.lestouches-france.com\/?page_id=66"},"modified":"2026-01-10T10:31:27","modified_gmt":"2026-01-10T09:31:27","slug":"gites","status":"publish","type":"page","link":"https:\/\/lestouches-france.com\/en\/gites\/","title":{"rendered":"Our G\u00eetes"},"content":{"rendered":"\t\t<div data-elementor-type=\"wp-page\" data-elementor-id=\"66\" class=\"elementor elementor-66\" data-elementor-post-type=\"page\">\n\t\t\t\t\t\t<section class=\"elementor-section elementor-top-section elementor-element elementor-element-ba4c323 elementor-section-full_width elementor-section-height-full elementor-section-height-default elementor-section-items-middle\" data-id=\"ba4c323\" data-element_type=\"section\" data-e-type=\"section\" data-settings=\"{&quot;background_background&quot;:&quot;classic&quot;,&quot;background_motion_fx_motion_fx_scrolling&quot;:&quot;yes&quot;,&quot;background_motion_fx_translateY_effect&quot;:&quot;yes&quot;,&quot;background_motion_fx_translateY_speed&quot;:{&quot;unit&quot;:&quot;px&quot;,&quot;size&quot;:4,&quot;sizes&quot;:[]},&quot;background_motion_fx_translateY_affectedRange&quot;:{&quot;unit&quot;:&quot;%&quot;,&quot;size&quot;:&quot;&quot;,&quot;sizes&quot;:{&quot;start&quot;:0,&quot;end&quot;:100}},&quot;background_motion_fx_devices&quot;:[&quot;desktop&quot;,&quot;tablet&quot;,&quot;mobile&quot;]}\">\n\t\t\t\t\t\t<div class=\"elementor-container elementor-column-gap-default\">\n\t\t\t\t\t<div class=\"elementor-column elementor-col-100 elementor-top-column elementor-element elementor-element-1c8836e\" data-id=\"1c8836e\" data-element_type=\"column\" data-e-type=\"column\">\n\t\t\t<div class=\"elementor-widget-wrap elementor-element-populated\">\n\t\t\t\t\t\t<div class=\"elementor-element elementor-element-c7f8cfa elementor-widget elementor-widget-text-editor\" data-id=\"c7f8cfa\" data-element_type=\"widget\" data-e-type=\"widget\" data-widget_type=\"text-editor.default\">\n\t\t\t\t<div class=\"elementor-widget-container\">\n\t\t\t\t\t\t\t\t\t<p>G\u00eete en Anjou avec piscine<\/p>\t\t\t\t\t\t\t\t<\/div>\n\t\t\t\t<\/div>\n\t\t\t\t<div class=\"elementor-element elementor-element-989904c elementor-widget elementor-widget-text-editor\" data-id=\"989904c\" data-element_type=\"widget\" data-e-type=\"widget\" data-widget_type=\"text-editor.default\">\n\t\t\t\t<div class=\"elementor-widget-container\">\n\t\t\t\t\t\t\t\t\t<p>Des g\u00eetes au confort 3 \u00e9toiles.<\/p>\t\t\t\t\t\t\t\t<\/div>\n\t\t\t\t<\/div>\n\t\t\t\t\t<\/div>\n\t\t<\/div>\n\t\t\t\t\t<\/div>\n\t\t<\/section>\n\t\t<div class=\"elementor-element elementor-element-b50a907 e-flex e-con-boxed e-con e-parent\" data-id=\"b50a907\" data-element_type=\"container\" data-e-type=\"container\">\n\t\t\t\t\t<div class=\"e-con-inner\">\n\t\t\t\t<div class=\"elementor-element elementor-element-3d6fcf0 elementor-widget elementor-widget-image\" data-id=\"3d6fcf0\" data-element_type=\"widget\" data-e-type=\"widget\" data-widget_type=\"image.default\">\n\t\t\t\t<div class=\"elementor-widget-container\">\n\t\t\t\t\t\t\t\t\t\t\t\t\t\t\t<img decoding=\"async\" src=\"https:\/\/i0.wp.com\/lestouches-france.com\/wp-content\/uploads\/2024\/11\/logo-atout-france-e1731966020573.png?fit=100%2C100&#038;ssl=1\" title=\"logo atout france\" alt=\"logo atout france\" loading=\"lazy\" \/>\t\t\t\t\t\t\t\t\t\t\t\t\t\t\t<\/div>\n\t\t\t\t<\/div>\n\t\t\t\t<div class=\"elementor-element elementor-element-768d8d9 elementor-widget elementor-widget-text-editor\" data-id=\"768d8d9\" data-element_type=\"widget\" data-e-type=\"widget\" data-widget_type=\"text-editor.default\">\n\t\t\t\t<div class=\"elementor-widget-container\">\n\t\t\t\t\t\t\t\t\t<p style=\"text-align: center;\">R\u00e9servez d\u00e8s maintenant l\u2019un de nos g\u00eetes de charme au confort haut de gamme, avec acc\u00e8s \u00e0 la piscine couverte, pour un s\u00e9jour d\u2019exception au Manoir Les Touches, au c\u0153ur de l\u2019Anjou.<\/p>\t\t\t\t\t\t\t\t<\/div>\n\t\t\t\t<\/div>\n\t\t\t\t<div class=\"elementor-element elementor-element-1eb03d2 elementor-widget elementor-widget-text-editor\" data-id=\"1eb03d2\" data-element_type=\"widget\" data-e-type=\"widget\" data-widget_type=\"text-editor.default\">\n\t\t\t\t<div class=\"elementor-widget-container\">\n\t\t\t\t\t\t\t\t\t<p style=\"text-align: center;\">En juillet et ao\u00fbt, les g\u00eetes sont propos\u00e9s du samedi au samedi.<br \/>De septembre \u00e0 juin, des s\u00e9jours \u00e0 partir de deux nuits sont possibles, selon disponibilit\u00e9s.<\/p>\t\t\t\t\t\t\t\t<\/div>\n\t\t\t\t<\/div>\n\t\t\t\t\t<\/div>\n\t\t\t\t<\/div>\n\t\t<div class=\"elementor-element elementor-element-ae08dd3 e-con-full e-flex e-con e-parent\" data-id=\"ae08dd3\" data-element_type=\"container\" data-e-type=\"container\">\n\t\t<div class=\"elementor-element elementor-element-948edbc e-grid e-con-full e-con e-child\" data-id=\"948edbc\" data-element_type=\"container\" data-e-type=\"container\">\n\t\t\t\t<div class=\"elementor-element elementor-element-00257af elementor-cta--skin-classic elementor-animated-content elementor-bg-transform elementor-bg-transform-zoom-in elementor-widget elementor-widget-call-to-action\" data-id=\"00257af\" data-element_type=\"widget\" data-e-type=\"widget\" data-widget_type=\"call-to-action.default\">\n\t\t\t\t<div class=\"elementor-widget-container\">\n\t\t\t\t\t\t\t<a class=\"elementor-cta\" href=\"https:\/\/lestouches-france.com\/gites\/chenin\/\">\n\t\t\t\t\t<div class=\"elementor-cta__bg-wrapper\">\n\t\t\t\t<div class=\"elementor-cta__bg elementor-bg\" style=\"background-image: url(https:\/\/i0.wp.com\/lestouches-france.com\/wp-content\/uploads\/2026\/01\/Chenin_2024-15.jpg?fit=800%2C527&#038;ssl=1);\" role=\"img\" aria-label=\"Chenin_2024 (15)\"><\/div>\n\t\t\t\t<div class=\"elementor-cta__bg-overlay\"><\/div>\n\t\t\t<\/div>\n\t\t\t\t\t\t\t<div class=\"elementor-cta__content\">\n\t\t\t\t\n\t\t\t\t\t\t\t\t\t<h2 class=\"elementor-cta__title elementor-cta__content-item elementor-content-item\">\n\t\t\t\t\t\tChenin\t\t\t\t\t<\/h2>\n\t\t\t\t\n\t\t\t\t\t\t\t\t\t<div class=\"elementor-cta__description elementor-cta__content-item elementor-content-item\">\n\t\t\t\t\t\tUn g\u00eete de charme, lumineux et confortable, id\u00e9al pour un s\u00e9jour en couple ou en famille.\nChenin s\u00e9duit par son atmosph\u00e8re chaleureuse, ses espaces bien agenc\u00e9s et son acc\u00e8s direct aux jardins et aux \u00e9quipements du Manoir Les Touches.\t\t\t\t\t<\/div>\n\t\t\t\t\n\t\t\t\t\t\t\t\t\t<div class=\"elementor-cta__button-wrapper elementor-cta__content-item elementor-content-item \">\n\t\t\t\t\t<span class=\"elementor-cta__button elementor-button elementor-size-\">\n\t\t\t\t\t\t2 - 4 personnes\t\t\t\t\t<\/span>\n\t\t\t\t\t<\/div>\n\t\t\t\t\t\t\t<\/div>\n\t\t\t\t\t\t<\/a>\n\t\t\t\t\t\t<\/div>\n\t\t\t\t<\/div>\n\t\t\t\t<div class=\"elementor-element elementor-element-9e18e88 elementor-cta--skin-classic elementor-animated-content elementor-bg-transform elementor-bg-transform-zoom-in elementor-widget elementor-widget-call-to-action\" data-id=\"9e18e88\" data-element_type=\"widget\" data-e-type=\"widget\" data-widget_type=\"call-to-action.default\">\n\t\t\t\t<div class=\"elementor-widget-container\">\n\t\t\t\t\t\t\t<a class=\"elementor-cta\" href=\"https:\/\/lestouches-france.com\/gites\/bonnezeaux\/\">\n\t\t\t\t\t<div class=\"elementor-cta__bg-wrapper\">\n\t\t\t\t<div class=\"elementor-cta__bg elementor-bg\" style=\"background-image: url(https:\/\/i0.wp.com\/lestouches-france.com\/wp-content\/uploads\/2026\/01\/Bonnezeaux_2024-10.jpg?fit=800%2C534&#038;ssl=1);\" role=\"img\" aria-label=\"Bonnezeaux_2024 (10)\"><\/div>\n\t\t\t\t<div class=\"elementor-cta__bg-overlay\"><\/div>\n\t\t\t<\/div>\n\t\t\t\t\t\t\t<div class=\"elementor-cta__content\">\n\t\t\t\t\n\t\t\t\t\t\t\t\t\t<h2 class=\"elementor-cta__title elementor-cta__content-item elementor-content-item\">\n\t\t\t\t\t\tBonnezeaux\t\t\t\t\t<\/h2>\n\t\t\t\t\n\t\t\t\t\t\t\t\t\t<div class=\"elementor-cta__description elementor-cta__content-item elementor-content-item\">\n\t\t\t\t\t\tPremier g\u00eete du domaine, Bonnezeaux allie authenticit\u00e9 et confort moderne.\nParfait pour les familles ou les amis, il offre un cadre convivial et apaisant, propice aux s\u00e9jours partag\u00e9s au c\u0153ur de la campagne angevine.\t\t\t\t\t<\/div>\n\t\t\t\t\n\t\t\t\t\t\t\t\t\t<div class=\"elementor-cta__button-wrapper elementor-cta__content-item elementor-content-item \">\n\t\t\t\t\t<span class=\"elementor-cta__button elementor-button elementor-size-\">\n\t\t\t\t\t\t2 - 4 personnes\t\t\t\t\t<\/span>\n\t\t\t\t\t<\/div>\n\t\t\t\t\t\t\t<\/div>\n\t\t\t\t\t\t<\/a>\n\t\t\t\t\t\t<\/div>\n\t\t\t\t<\/div>\n\t\t\t\t<div class=\"elementor-element elementor-element-61e56a6 elementor-cta--skin-classic elementor-animated-content elementor-bg-transform elementor-bg-transform-zoom-in elementor-widget elementor-widget-call-to-action\" data-id=\"61e56a6\" data-element_type=\"widget\" data-e-type=\"widget\" data-widget_type=\"call-to-action.default\">\n\t\t\t\t<div class=\"elementor-widget-container\">\n\t\t\t\t\t\t\t<a class=\"elementor-cta\" href=\"https:\/\/lestouches-france.com\/gites\/anjou\/\">\n\t\t\t\t\t<div class=\"elementor-cta__bg-wrapper\">\n\t\t\t\t<div class=\"elementor-cta__bg elementor-bg\" style=\"background-image: url(https:\/\/i0.wp.com\/lestouches-france.com\/wp-content\/uploads\/2026\/01\/Anjou_2024-29.jpg?fit=800%2C534&#038;ssl=1);\" role=\"img\" aria-label=\"Anjou_2024 (29)\"><\/div>\n\t\t\t\t<div class=\"elementor-cta__bg-overlay\"><\/div>\n\t\t\t<\/div>\n\t\t\t\t\t\t\t<div class=\"elementor-cta__content\">\n\t\t\t\t\n\t\t\t\t\t\t\t\t\t<h2 class=\"elementor-cta__title elementor-cta__content-item elementor-content-item\">\n\t\t\t\t\t\tAnjou\t\t\t\t\t<\/h2>\n\t\t\t\t\n\t\t\t\t\t\t\t\t\t<div class=\"elementor-cta__description elementor-cta__content-item elementor-content-item\">\n\t\t\t\t\t\tSpacieux et \u00e9l\u00e9gant, Anjou est con\u00e7u pour accueillir familles et groupes d\u2019amis en toute s\u00e9r\u00e9nit\u00e9.\nSes volumes g\u00e9n\u00e9reux et son caract\u00e8re authentique en font un lieu id\u00e9al pour se retrouver et profiter pleinement du domaine.\t\t\t\t\t<\/div>\n\t\t\t\t\n\t\t\t\t\t\t\t\t\t<div class=\"elementor-cta__button-wrapper elementor-cta__content-item elementor-content-item \">\n\t\t\t\t\t<span class=\"elementor-cta__button elementor-button elementor-size-\">\n\t\t\t\t\t\t2 - 6 personnes\t\t\t\t\t<\/span>\n\t\t\t\t\t<\/div>\n\t\t\t\t\t\t\t<\/div>\n\t\t\t\t\t\t<\/a>\n\t\t\t\t\t\t<\/div>\n\t\t\t\t<\/div>\n\t\t\t\t<div class=\"elementor-element elementor-element-02721f3 elementor-cta--skin-classic elementor-animated-content elementor-bg-transform elementor-bg-transform-zoom-in elementor-widget elementor-widget-call-to-action\" data-id=\"02721f3\" data-element_type=\"widget\" data-e-type=\"widget\" data-widget_type=\"call-to-action.default\">\n\t\t\t\t<div class=\"elementor-widget-container\">\n\t\t\t\t\t\t\t<div class=\"elementor-cta\">\n\t\t\t\t\t<div class=\"elementor-cta__bg-wrapper\">\n\t\t\t\t<div class=\"elementor-cta__bg elementor-bg\" style=\"background-image: url(https:\/\/i0.wp.com\/lestouches-france.com\/wp-content\/uploads\/2021\/03\/IMG_6047-1-scaled-1.jpg?fit=800%2C600&#038;ssl=1);\" role=\"img\" aria-label=\"IMG_6047-1-scaled.jpg\"><\/div>\n\t\t\t\t<div class=\"elementor-cta__bg-overlay\"><\/div>\n\t\t\t<\/div>\n\t\t\t\t\t\t\t<div class=\"elementor-cta__content\">\n\t\t\t\t\n\t\t\t\t\t\t\t\t\t<h2 class=\"elementor-cta__title elementor-cta__content-item elementor-content-item\">\n\t\t\t\t\t\tLe Clocher du Layon\t\t\t\t\t<\/h2>\n\t\t\t\t\n\t\t\t\t\t\t\t\t\t<div class=\"elementor-cta__description elementor-cta__content-item elementor-content-item\">\n\t\t\t\t\t\tSitu\u00e9 \u00e0 seulement 7 minutes du manoir,  un g\u00eete enti\u00e8rement ind\u00e9pendant, id\u00e9al pour les h\u00f4tes recherchant calme, intimit\u00e9 et autonomie.\n\nCe g\u00eete offre un cadre paisible au c\u0153ur du village de Nueil-sur-Layon et permet de profiter pleinement de la r\u00e9gion. \t\t\t\t\t<\/div>\n\t\t\t\t\n\t\t\t\t\t\t\t\t\t<div class=\"elementor-cta__button-wrapper elementor-cta__content-item elementor-content-item \">\n\t\t\t\t\t<a class=\"elementor-cta__button elementor-button elementor-size-\">\n\t\t\t\t\t\t2 - 5 personnes\t\t\t\t\t<\/a>\n\t\t\t\t\t<\/div>\n\t\t\t\t\t\t\t<\/div>\n\t\t\t\t\t\t<\/div>\n\t\t\t\t\t\t<\/div>\n\t\t\t\t<\/div>\n\t\t\t\t<\/div>\n\t\t\t\t<\/div>\n\t\t\t\t<\/div>\n\t\t","protected":false},"excerpt":{"rendered":"<p>G\u00eete en Anjou avec piscine Des g\u00eetes au confort 3 \u00e9toiles. R\u00e9servez d\u00e8s maintenant l\u2019un de nos g\u00eetes de charme au confort haut de gamme, avec acc\u00e8s \u00e0 la piscine couverte, pour un s\u00e9jour d\u2019exception au Manoir Les Touches, au c\u0153ur de l\u2019Anjou. En juillet et ao\u00fbt, les g\u00eetes sont propos\u00e9s du samedi au samedi.De [&hellip;]<\/p>\n","protected":false},"author":2,"featured_media":0,"parent":0,"menu_order":0,"comment_status":"closed","ping_status":"closed","template":"","meta":{"content-type":"","footnotes":""},"class_list":["post-66","page","type-page","status-publish","hentry"],"yoast_head":"<!-- This site is optimized with the Yoast SEO Premium plugin v27.1 (Yoast SEO v27.5) - https:\/\/yoast.com\/product\/yoast-seo-premium-wordpress\/ -->\n<title>Holiday Homes in the Loire Valley - Les Touches - From \u00a3500 per week<\/title>\n<meta name=\"description\" content=\"Les Touches Holiday homes in the Loire Valley, comfort and environment to relax and fill right at home on your holiday. Covered Pool.\" \/>\n<meta name=\"robots\" content=\"index, follow, max-snippet:-1, max-image-preview:large, max-video-preview:-1\" \/>\n<link rel=\"canonical\" href=\"https:\/\/lestouches-france.com\/en\/gites\/\" \/>\n<meta property=\"og:locale\" content=\"en_GB\" \/>\n<meta property=\"og:type\" content=\"article\" \/>\n<meta property=\"og:title\" content=\"Nos G\u00eetes\" \/>\n<meta property=\"og:description\" content=\"Les Touches Holiday homes in the Loire Valley, comfort and environment to relax and fill right at home on your holiday. Covered Pool.\" \/>\n<meta property=\"og:url\" content=\"https:\/\/lestouches-france.com\/en\/gites\/\" \/>\n<meta property=\"og:site_name\" content=\"Les Touches\" \/>\n<meta property=\"article:modified_time\" content=\"2026-01-10T09:31:27+00:00\" \/>\n<meta property=\"og:image\" content=\"https:\/\/lestouches-france.com\/wp-content\/uploads\/elementor\/thumbs\/logo-atout-france-e1731966020573-qx9a78i0ueekdr8ugjqwepiepi73x8zsxt030268yw.png\" \/>\n<meta name=\"twitter:card\" content=\"summary_large_image\" \/>\n<meta name=\"twitter:label1\" content=\"Estimated reading time\" \/>\n\t<meta name=\"twitter:data1\" content=\"2 minutes\" \/>\n<script type=\"application\/ld+json\" class=\"yoast-schema-graph\">{\"@context\":\"https:\\\/\\\/schema.org\",\"@graph\":[{\"@type\":\"WebPage\",\"@id\":\"https:\\\/\\\/lestouches-france.com\\\/gites\\\/\",\"url\":\"https:\\\/\\\/lestouches-france.com\\\/gites\\\/\",\"name\":\"Holiday Homes in the Loire Valley - Les Touches - From \u00a3500 per week\",\"isPartOf\":{\"@id\":\"https:\\\/\\\/lestouches-france.com\\\/#website\"},\"primaryImageOfPage\":{\"@id\":\"https:\\\/\\\/lestouches-france.com\\\/gites\\\/#primaryimage\"},\"image\":{\"@id\":\"https:\\\/\\\/lestouches-france.com\\\/gites\\\/#primaryimage\"},\"thumbnailUrl\":\"https:\\\/\\\/lestouches-france.com\\\/wp-content\\\/uploads\\\/elementor\\\/thumbs\\\/logo-atout-france-e1731966020573-qx9a78i0ueekdr8ugjqwepiepi73x8zsxt030268yw.png\",\"datePublished\":\"2020-08-18T19:38:46+00:00\",\"dateModified\":\"2026-01-10T09:31:27+00:00\",\"description\":\"Les Touches Holiday homes in the Loire Valley, comfort and environment to relax and fill right at home on your holiday. Covered Pool.\",\"breadcrumb\":{\"@id\":\"https:\\\/\\\/lestouches-france.com\\\/gites\\\/#breadcrumb\"},\"inLanguage\":\"en-GB\",\"potentialAction\":[{\"@type\":\"ReadAction\",\"target\":[\"https:\\\/\\\/lestouches-france.com\\\/gites\\\/\"]}]},{\"@type\":\"ImageObject\",\"inLanguage\":\"en-GB\",\"@id\":\"https:\\\/\\\/lestouches-france.com\\\/gites\\\/#primaryimage\",\"url\":\"https:\\\/\\\/lestouches-france.com\\\/wp-content\\\/uploads\\\/elementor\\\/thumbs\\\/logo-atout-france-e1731966020573-qx9a78i0ueekdr8ugjqwepiepi73x8zsxt030268yw.png\",\"contentUrl\":\"https:\\\/\\\/lestouches-france.com\\\/wp-content\\\/uploads\\\/elementor\\\/thumbs\\\/logo-atout-france-e1731966020573-qx9a78i0ueekdr8ugjqwepiepi73x8zsxt030268yw.png\"},{\"@type\":\"BreadcrumbList\",\"@id\":\"https:\\\/\\\/lestouches-france.com\\\/gites\\\/#breadcrumb\",\"itemListElement\":[{\"@type\":\"ListItem\",\"position\":1,\"name\":\"Home\",\"item\":\"https:\\\/\\\/lestouches-france.com\\\/\"},{\"@type\":\"ListItem\",\"position\":2,\"name\":\"Nos G\u00eetes\"}]},{\"@type\":\"WebSite\",\"@id\":\"https:\\\/\\\/lestouches-france.com\\\/#website\",\"url\":\"https:\\\/\\\/lestouches-france.com\\\/\",\"name\":\"Les Touches\",\"description\":\"Holiday Homes in The Loire Valley\",\"publisher\":{\"@id\":\"https:\\\/\\\/lestouches-france.com\\\/#organization\"},\"potentialAction\":[{\"@type\":\"SearchAction\",\"target\":{\"@type\":\"EntryPoint\",\"urlTemplate\":\"https:\\\/\\\/lestouches-france.com\\\/?s={search_term_string}\"},\"query-input\":{\"@type\":\"PropertyValueSpecification\",\"valueRequired\":true,\"valueName\":\"search_term_string\"}}],\"inLanguage\":\"en-GB\"},{\"@type\":\"Organization\",\"@id\":\"https:\\\/\\\/lestouches-france.com\\\/#organization\",\"name\":\"Les Touches\",\"url\":\"https:\\\/\\\/lestouches-france.com\\\/\",\"logo\":{\"@type\":\"ImageObject\",\"inLanguage\":\"en-GB\",\"@id\":\"https:\\\/\\\/lestouches-france.com\\\/#\\\/schema\\\/logo\\\/image\\\/\",\"url\":\"https:\\\/\\\/i0.wp.com\\\/lestouches-france.com\\\/wp-content\\\/uploads\\\/2020\\\/08\\\/cropped-12191645_1513828312264543_4617545546530602927_n.png?fit=300%2C259&ssl=1\",\"contentUrl\":\"https:\\\/\\\/i0.wp.com\\\/lestouches-france.com\\\/wp-content\\\/uploads\\\/2020\\\/08\\\/cropped-12191645_1513828312264543_4617545546530602927_n.png?fit=300%2C259&ssl=1\",\"width\":300,\"height\":259,\"caption\":\"Les Touches\"},\"image\":{\"@id\":\"https:\\\/\\\/lestouches-france.com\\\/#\\\/schema\\\/logo\\\/image\\\/\"}}]}<\/script>\n<!-- \/ Yoast SEO Premium plugin. -->","yoast_head_json":{"title":"Holiday Homes in the Loire Valley - Les Touches - From \u00a3500 per week","description":"Les Touches Holiday homes in the Loire Valley, comfort and environment to relax and fill right at home on your holiday. Covered Pool.","robots":{"index":"index","follow":"follow","max-snippet":"max-snippet:-1","max-image-preview":"max-image-preview:large","max-video-preview":"max-video-preview:-1"},"canonical":"https:\/\/lestouches-france.com\/en\/gites\/","og_locale":"en_GB","og_type":"article","og_title":"Nos G\u00eetes","og_description":"Les Touches Holiday homes in the Loire Valley, comfort and environment to relax and fill right at home on your holiday. Covered Pool.","og_url":"https:\/\/lestouches-france.com\/en\/gites\/","og_site_name":"Les Touches","article_modified_time":"2026-01-10T09:31:27+00:00","og_image":[{"url":"https:\/\/lestouches-france.com\/wp-content\/uploads\/elementor\/thumbs\/logo-atout-france-e1731966020573-qx9a78i0ueekdr8ugjqwepiepi73x8zsxt030268yw.png","type":"","width":"","height":""}],"twitter_card":"summary_large_image","twitter_misc":{"Estimated reading time":"2 minutes"},"schema":{"@context":"https:\/\/schema.org","@graph":[{"@type":"WebPage","@id":"https:\/\/lestouches-france.com\/gites\/","url":"https:\/\/lestouches-france.com\/gites\/","name":"Holiday Homes in the Loire Valley - Les Touches - From \u00a3500 per week","isPartOf":{"@id":"https:\/\/lestouches-france.com\/#website"},"primaryImageOfPage":{"@id":"https:\/\/lestouches-france.com\/gites\/#primaryimage"},"image":{"@id":"https:\/\/lestouches-france.com\/gites\/#primaryimage"},"thumbnailUrl":"https:\/\/lestouches-france.com\/wp-content\/uploads\/elementor\/thumbs\/logo-atout-france-e1731966020573-qx9a78i0ueekdr8ugjqwepiepi73x8zsxt030268yw.png","datePublished":"2020-08-18T19:38:46+00:00","dateModified":"2026-01-10T09:31:27+00:00","description":"Les Touches Holiday homes in the Loire Valley, comfort and environment to relax and fill right at home on your holiday. Covered Pool.","breadcrumb":{"@id":"https:\/\/lestouches-france.com\/gites\/#breadcrumb"},"inLanguage":"en-GB","potentialAction":[{"@type":"ReadAction","target":["https:\/\/lestouches-france.com\/gites\/"]}]},{"@type":"ImageObject","inLanguage":"en-GB","@id":"https:\/\/lestouches-france.com\/gites\/#primaryimage","url":"https:\/\/lestouches-france.com\/wp-content\/uploads\/elementor\/thumbs\/logo-atout-france-e1731966020573-qx9a78i0ueekdr8ugjqwepiepi73x8zsxt030268yw.png","contentUrl":"https:\/\/lestouches-france.com\/wp-content\/uploads\/elementor\/thumbs\/logo-atout-france-e1731966020573-qx9a78i0ueekdr8ugjqwepiepi73x8zsxt030268yw.png"},{"@type":"BreadcrumbList","@id":"https:\/\/lestouches-france.com\/gites\/#breadcrumb","itemListElement":[{"@type":"ListItem","position":1,"name":"Home","item":"https:\/\/lestouches-france.com\/"},{"@type":"ListItem","position":2,"name":"Nos G\u00eetes"}]},{"@type":"WebSite","@id":"https:\/\/lestouches-france.com\/#website","url":"https:\/\/lestouches-france.com\/","name":"Les Touches","description":"Holiday Homes in The Loire Valley","publisher":{"@id":"https:\/\/lestouches-france.com\/#organization"},"potentialAction":[{"@type":"SearchAction","target":{"@type":"EntryPoint","urlTemplate":"https:\/\/lestouches-france.com\/?s={search_term_string}"},"query-input":{"@type":"PropertyValueSpecification","valueRequired":true,"valueName":"search_term_string"}}],"inLanguage":"en-GB"},{"@type":"Organization","@id":"https:\/\/lestouches-france.com\/#organization","name":"Les Touches","url":"https:\/\/lestouches-france.com\/","logo":{"@type":"ImageObject","inLanguage":"en-GB","@id":"https:\/\/lestouches-france.com\/#\/schema\/logo\/image\/","url":"https:\/\/i0.wp.com\/lestouches-france.com\/wp-content\/uploads\/2020\/08\/cropped-12191645_1513828312264543_4617545546530602927_n.png?fit=300%2C259&ssl=1","contentUrl":"https:\/\/i0.wp.com\/lestouches-france.com\/wp-content\/uploads\/2020\/08\/cropped-12191645_1513828312264543_4617545546530602927_n.png?fit=300%2C259&ssl=1","width":300,"height":259,"caption":"Les Touches"},"image":{"@id":"https:\/\/lestouches-france.com\/#\/schema\/logo\/image\/"}}]}},"jetpack_sharing_enabled":true,"_links":{"self":[{"href":"https:\/\/lestouches-france.com\/en\/wp-json\/wp\/v2\/pages\/66","targetHints":{"allow":["GET"]}}],"collection":[{"href":"https:\/\/lestouches-france.com\/en\/wp-json\/wp\/v2\/pages"}],"about":[{"href":"https:\/\/lestouches-france.com\/en\/wp-json\/wp\/v2\/types\/page"}],"author":[{"embeddable":true,"href":"https:\/\/lestouches-france.com\/en\/wp-json\/wp\/v2\/users\/2"}],"replies":[{"embeddable":true,"href":"https:\/\/lestouches-france.com\/en\/wp-json\/wp\/v2\/comments?post=66"}],"version-history":[{"count":11,"href":"https:\/\/lestouches-france.com\/en\/wp-json\/wp\/v2\/pages\/66\/revisions"}],"predecessor-version":[{"id":1409,"href":"https:\/\/lestouches-france.com\/en\/wp-json\/wp\/v2\/pages\/66\/revisions\/1409"}],"wp:attachment":[{"href":"https:\/\/lestouches-france.com\/en\/wp-json\/wp\/v2\/media?parent=66"}],"curies":[{"name":"wp","href":"https:\/\/api.w.org\/{rel}","templated":true}]}}